{"id":61,"date":"2018-03-13T16:21:04","date_gmt":"2018-03-13T15:21:04","guid":{"rendered":"https:\/\/www.famfront.mzw.fr\/?page_id=61"},"modified":"2019-10-13T18:37:24","modified_gmt":"2019-10-13T16:37:24","slug":"mentions-legales","status":"publish","type":"page","link":"https:\/\/www.famfront.mzw.fr\/?page_id=61","title":{"rendered":"Mentions l\u00e9gales"},"content":{"rendered":"\n<p>La Famille FRONTON, originaire de la Guadeloupe, assure sa vie dans les mains de Dieu, P\u00e8re fils et Esprit Saint. <\/p>\n\n\n\n<h4 class=\"wp-block-heading\"><strong>Responsable \u00e9ditorial<\/strong><\/h4>\n\n\n\n<p>Camille FRONTON, initiateur du projet, pour r\u00e9pondre \u00e0 la demande des uns et des autres.<\/p>\n\n\n\n<h4 class=\"wp-block-heading\"><strong>Responsable technique<\/strong><\/h4>\n\n\n\n<p>Camille FRONTON<\/p>\n\n\n\n<h4 class=\"wp-block-heading\"><strong>Webmestre<\/strong><\/h4>\n\n\n\n<p>Camille FRONTON<\/p>\n\n\n\n<h4 class=\"wp-block-heading\"><strong>Si\u00e8ge social<\/strong><\/h4>\n\n\n\n<p>91410 DOURDAN<br>Courriel : famfront@mzw.fr<\/p>\n\n\n\n<h4 class=\"wp-block-heading\"><strong>H\u00e9bergement<\/strong><\/h4>\n\n\n\n<p>Le Site web est h\u00e9berg\u00e9 chez <strong>OVH <\/strong><br>2 rue Kellerman<br> 59100 ROUBAIX<\/p>\n","protected":false},"excerpt":{"rendered":"<p>La Famille FRONTON, originaire de la Guadeloupe, assure sa vie dans les mains de Dieu, P\u00e8re fils et Esprit Saint. Responsable \u00e9ditorial Camille FRONTON, initiateur du projet, pour r\u00e9pondre \u00e0 la demande des uns et des autres. Responsable technique Camille FRONTON Webmestre Camille FRONTON Si\u00e8ge social 91410 DOURDANCourriel : famfront@mzw.fr H\u00e9bergement Le Site web est [&hellip;]<\/p>\n","protected":false},"author":1,"featured_media":0,"parent":0,"menu_order":0,"comment_status":"closed","ping_status":"closed","template":"","meta":{"footnotes":""},"class_list":["post-61","page","type-page","status-publish","hentry"],"_links":{"self":[{"href":"https:\/\/www.famfront.mzw.fr\/index.php?rest_route=\/wp\/v2\/pages\/61","targetHints":{"allow":["GET"]}}],"collection":[{"href":"https:\/\/www.famfront.mzw.fr\/index.php?rest_route=\/wp\/v2\/pages"}],"about":[{"href":"https:\/\/www.famfront.mzw.fr\/index.php?rest_route=\/wp\/v2\/types\/page"}],"author":[{"embeddable":true,"href":"https:\/\/www.famfront.mzw.fr\/index.php?rest_route=\/wp\/v2\/users\/1"}],"replies":[{"embeddable":true,"href":"https:\/\/www.famfront.mzw.fr\/index.php?rest_route=%2Fwp%2Fv2%2Fcomments&post=61"}],"version-history":[{"count":0,"href":"https:\/\/www.famfront.mzw.fr\/index.php?rest_route=\/wp\/v2\/pages\/61\/revisions"}],"wp:attachment":[{"href":"https:\/\/www.famfront.mzw.fr\/index.php?rest_route=%2Fwp%2Fv2%2Fmedia&parent=61"}],"curies":[{"name":"wp","href":"https:\/\/api.w.org\/{rel}","templated":true}]}}