{"id":43,"date":"2019-10-11T01:55:36","date_gmt":"2019-10-10T23:55:36","guid":{"rendered":"https:\/\/www.famfront.mzw.fr\/?page_id=43"},"modified":"2019-11-21T23:34:12","modified_gmt":"2019-11-21T22:34:12","slug":"infos-utiles","status":"publish","type":"page","link":"https:\/\/www.famfront.mzw.fr\/?page_id=43","title":{"rendered":"Infos utiles"},"content":{"rendered":"\n<div class=\"wp-block-image is-style-default\"><figure class=\"aligncenter size-large\"><img loading=\"lazy\" decoding=\"async\" width=\"298\" height=\"465\" src=\"https:\/\/www.famfront.mzw.fr\/wp-content\/uploads\/2019\/11\/Notre-Dame-de-Montligeon.jpg\" alt=\"\" class=\"wp-image-150\" srcset=\"https:\/\/www.famfront.mzw.fr\/wp-content\/uploads\/2019\/11\/Notre-Dame-de-Montligeon.jpg 298w, https:\/\/www.famfront.mzw.fr\/wp-content\/uploads\/2019\/11\/Notre-Dame-de-Montligeon-192x300.jpg 192w\" sizes=\"auto, (max-width: 298px) 100vw, 298px\" \/><\/figure><\/div>\n\n\n\n<h3 class=\"has-text-align-center wp-block-heading\">Pri\u00e8re \u00e0 Notre-Dame de Montligeon<\/h3>\n\n\n\n<p class=\"has-text-align-center\">Notre-Dame Lib\u00e9ratrice<br>Prends en piti\u00e9 tous nos fr\u00e8res d\u00e9funts,<br>sp\u00e9cialement ceux qui ont le plus besoin<br>de la mis\u00e9ricorde du Seigneur.<br>Interc\u00e8de pour tous ceux qui nous ont quitt\u00e9s <br>afin que s&rsquo;ach\u00e8ve en eux <br>l&rsquo;oeuvre de l&rsquo;amour qui purifie.<br>Que notre pri\u00e8re, unie \u00e0 celle de toute l&rsquo;Eglise,<br>leur obtienne la joie qui surpasse tout d\u00e9sir <br>et apporte ici-bas consolation et r\u00e9confort <br>\u00e0 nos fr\u00e8res \u00e9prouv\u00e9s ou d\u00e9sempar\u00e9s.<br>M\u00e8re de l&rsquo;Eglise, aide-nous, p\u00e8lerins de la terre, <br>\u00e0 mieux vivre chaque jour <br>notre passage vers la r\u00e9surrection.<br>Gu\u00e9ris-nous de toute blessure du c\u0153ur et de l&rsquo;\u00e2me.<br>Fais de nous des t\u00e9moins de l&rsquo;invisible, <br>d\u00e9j\u00e0 tendus vers les biens que l\u2019\u0153il ne peut voir, <br>des ap\u00f4tres de l&rsquo;esp\u00e9rance <br>semblables aux veilleurs de l&rsquo;aube.<br>Refuge des p\u00e9cheurs et Reine de tous les Saints,<br>rassemble-nous tous un jour, <br>pour la P\u00e2que \u00e9ternelle, <br>dans la communion du P\u00e8re avec J\u00e9sus, le Fils, <br>dans l&rsquo;Esprit Saint, pour les si\u00e8cles des si\u00e8cles.<br>Amen.<br>Notre-Dame de Montligeon,<br>priez pour les \u00e2mes du purgatoire.<\/p>\n\n\n\n<p class=\"has-text-align-center\">&#8212;&#8212;&#8212;&#8212;&#8212;&#8212;&#8212;&#8212;&#8212;&#8212;&#8212;&#8212;&#8212;&#8212;&#8212;&#8212;&#8212;&#8212;&#8212;&#8212;&#8212;&#8212;&#8212;&#8212;&#8212;&#8212;&#8212;&#8212;&#8212;&#8212;&#8212;&#8212;&#8212;&#8212;&#8212;&#8212;&#8212;&#8212;&#8211;<\/p>\n\n\n\n<hr class=\"wp-block-separator has-text-color has-background has-vivid-cyan-blue-background-color has-vivid-cyan-blue-color\"\/>\n\n\n\n<div class=\"wp-block-image\"><figure class=\"aligncenter\"><img decoding=\"async\" src=\"https:\/\/www.famfront.mzw.fr\/wp-content\/uploads\/2019\/10\/TheoDom.png\" alt=\"\" class=\"wp-image-142\"\/><\/figure><\/div>\n\n\n\n<p class=\"has-text-align-center\">Penser \u00e0 Dieu. Les Dominicains nous accompagnent.&nbsp;\\<\/p>\n\n\n\n<p class=\"has-text-align-center\"><a rel=\"noreferrer noopener\" href=\"http:\/\/go.communaute.retraitedanslaville.org\/nl2\/j8ko\/l0k8z.html?m=ANAAAARw544AAXC3gQMAAAGcUFIAAAAAZS4AAEkBAAkIYwBazunVOD-q2L_kTemcRf32POeEPQAH_tM&amp;b=f5e695ce&amp;e=b076cfb2&amp;x=sUNIR-xfZ0NuqMDZyi6vzPX7Q5CC-38WEU4XPQVC8_8\" target=\"_blank\">TheoDom pour Pentec\u00f4te<\/a><\/p>\n\n\n\n<hr class=\"wp-block-separator\"\/>\n\n\n\n<p class=\"has-text-align-center\">Pour les JMJ&nbsp;&nbsp;<\/p>\n\n\n\n<div class=\"wp-block-image\"><figure class=\"aligncenter\"><img decoding=\"async\" src=\"https:\/\/www.famfront.mzw.fr\/wp-content\/uploads\/2019\/10\/JMJ-2019-Officiel.jpg\" alt=\"\" class=\"wp-image-138\"\/><\/figure><\/div>\n\n\n\n<p class=\"has-text-align-center\">Trouver le financement, pas toujours facile. Une petite id\u00e9e ici<br><a rel=\"noreferrer noopener\" href=\"http:\/\/eglise.catholique.fr\/actualites\/dossiers\/jmj\/actualite-jmj\/454972-jesus-box-cadeau-a-recevoir\/\" target=\"_blank\">J\u00e9sus &#8211; box cadeau \u00e0 recevoir<\/a><\/p>\n","protected":false},"excerpt":{"rendered":"<p>Pri\u00e8re \u00e0 Notre-Dame de Montligeon Notre-Dame Lib\u00e9ratricePrends en piti\u00e9 tous nos fr\u00e8res d\u00e9funts,sp\u00e9cialement ceux qui ont le plus besoinde la mis\u00e9ricorde du Seigneur.Interc\u00e8de pour tous ceux qui nous ont quitt\u00e9s afin que s&rsquo;ach\u00e8ve en eux l&rsquo;oeuvre de l&rsquo;amour qui purifie.Que notre pri\u00e8re, unie \u00e0 celle de toute l&rsquo;Eglise,leur obtienne la joie qui surpasse tout d\u00e9sir [&hellip;]<\/p>\n","protected":false},"author":1,"featured_media":0,"parent":0,"menu_order":0,"comment_status":"closed","ping_status":"closed","template":"","meta":{"footnotes":""},"class_list":["post-43","page","type-page","status-publish","hentry"],"_links":{"self":[{"href":"https:\/\/www.famfront.mzw.fr\/index.php?rest_route=\/wp\/v2\/pages\/43","targetHints":{"allow":["GET"]}}],"collection":[{"href":"https:\/\/www.famfront.mzw.fr\/index.php?rest_route=\/wp\/v2\/pages"}],"about":[{"href":"https:\/\/www.famfront.mzw.fr\/index.php?rest_route=\/wp\/v2\/types\/page"}],"author":[{"embeddable":true,"href":"https:\/\/www.famfront.mzw.fr\/index.php?rest_route=\/wp\/v2\/users\/1"}],"replies":[{"embeddable":true,"href":"https:\/\/www.famfront.mzw.fr\/index.php?rest_route=%2Fwp%2Fv2%2Fcomments&post=43"}],"version-history":[{"count":5,"href":"https:\/\/www.famfront.mzw.fr\/index.php?rest_route=\/wp\/v2\/pages\/43\/revisions"}],"predecessor-version":[{"id":157,"href":"https:\/\/www.famfront.mzw.fr\/index.php?rest_route=\/wp\/v2\/pages\/43\/revisions\/157"}],"wp:attachment":[{"href":"https:\/\/www.famfront.mzw.fr\/index.php?rest_route=%2Fwp%2Fv2%2Fmedia&parent=43"}],"curies":[{"name":"wp","href":"https:\/\/api.w.org\/{rel}","templated":true}]}}