{"id":28,"date":"2018-03-28T10:37:59","date_gmt":"2018-03-28T08:37:59","guid":{"rendered":"https:\/\/www.famfront.mzw.fr\/?page_id=28"},"modified":"2019-10-13T17:44:26","modified_gmt":"2019-10-13T15:44:26","slug":"a-propos","status":"publish","type":"page","link":"https:\/\/www.famfront.mzw.fr\/?page_id=28","title":{"rendered":"A propos"},"content":{"rendered":"\n<p><strong>FamFront<\/strong>, d\u00e9di\u00e9 \u00e0 la famille FRONTON et descendants, se propose de donner un espace de partage entre ses membres. Donner son avis, proposer un th\u00e8me, faire na\u00eetre ce qui favorise le maintient d&rsquo;un lien familial et de partage.<\/p>\n\n\n\n<p>De l&rsquo;internet nous en vivons chaque jour de toutes les mani\u00e8res. Donner du sens \u00e0 son utilisation et le rendre utile par ce qu&rsquo;il peut nous apporter dans le quotidien, c&rsquo;est l\u00e0 l&rsquo;occasion.<\/p>\n\n\n\n<p>Faites de ces articles un bon moyen de renouveler en nous la connaissance, de faire \u00e9voluer cette connaissance, de nourrir en permanence ce qui peut nous donner \u00e0 grandir dans notre \u00eatre le plus intime. Faites de ces moments \u00e9chang\u00e9s des moments conviviaux et remplis de joie. Faites que chaque participation mette en lumi\u00e8re des nouveaut\u00e9s utiles qui nous prennent par la main et nous entra\u00eenent dans ce qui, dans le m\u00eame temps, nous rapproche du Seigneur.<\/p>\n\n\n\n<p>Que Dieu b\u00e9nisse la famille FRONTON et ses descendants.<\/p>\n","protected":false},"excerpt":{"rendered":"<p>FamFront, d\u00e9di\u00e9 \u00e0 la famille FRONTON et descendants, se propose de donner un espace de partage entre ses membres. Donner son avis, proposer un th\u00e8me, faire na\u00eetre ce qui favorise le maintient d&rsquo;un lien familial et de partage. De l&rsquo;internet nous en vivons chaque jour de toutes les mani\u00e8res. Donner du sens \u00e0 son utilisation [&hellip;]<\/p>\n","protected":false},"author":1,"featured_media":0,"parent":0,"menu_order":0,"comment_status":"closed","ping_status":"closed","template":"","meta":{"footnotes":""},"class_list":["post-28","page","type-page","status-publish","hentry"],"_links":{"self":[{"href":"https:\/\/www.famfront.mzw.fr\/index.php?rest_route=\/wp\/v2\/pages\/28","targetHints":{"allow":["GET"]}}],"collection":[{"href":"https:\/\/www.famfront.mzw.fr\/index.php?rest_route=\/wp\/v2\/pages"}],"about":[{"href":"https:\/\/www.famfront.mzw.fr\/index.php?rest_route=\/wp\/v2\/types\/page"}],"author":[{"embeddable":true,"href":"https:\/\/www.famfront.mzw.fr\/index.php?rest_route=\/wp\/v2\/users\/1"}],"replies":[{"embeddable":true,"href":"https:\/\/www.famfront.mzw.fr\/index.php?rest_route=%2Fwp%2Fv2%2Fcomments&post=28"}],"version-history":[{"count":0,"href":"https:\/\/www.famfront.mzw.fr\/index.php?rest_route=\/wp\/v2\/pages\/28\/revisions"}],"wp:attachment":[{"href":"https:\/\/www.famfront.mzw.fr\/index.php?rest_route=%2Fwp%2Fv2%2Fmedia&parent=28"}],"curies":[{"name":"wp","href":"https:\/\/api.w.org\/{rel}","templated":true}]}}