{"id":119,"date":"2019-11-06T16:18:23","date_gmt":"2019-11-06T15:18:23","guid":{"rendered":"https:\/\/www.famfront.mzw.fr\/?page_id=119"},"modified":"2019-11-06T16:54:12","modified_gmt":"2019-11-06T15:54:12","slug":"offices-de-lectures","status":"publish","type":"page","link":"https:\/\/www.famfront.mzw.fr\/?page_id=119","title":{"rendered":"Offices de Lectures"},"content":{"rendered":"\n\n\t\t<div class=\"zoneRSS\">\n\t\t\t<h3 class=\"titre-entete\">-: Office des Lectures du Vendredi 10 Avril 2026 :-<\/h3>\n\t\t<div class=\"liens-flux\"><div class=\"rss-post\"><a href=\"\" target=\"_blank\" title=\"\" ><\/a><h2>Introduction<\/h2><br \/><p>V\/ Dieu, viens \u00e0 mon aide,\n        <br \/>R\/ Seigneur, \u00e0 notre secours.<\/p>\n        <p>Gloire au P\u00e8re, et au Fils et au Saint-Esprit,\n        <br\/>au Dieu qui est, qui \u00e9tait et qui vient,\n        <br\/>pour les si\u00e8cles des si\u00e8cles.\n        <br\/>Amen. (All\u00e9luia.)<\/p><\/div><div class=\"rss-post\"><a href=\"\" target=\"_blank\" title=\"\" ><\/a><h2>Hymne\u00a0: Lumi\u00e8re aux nuits de mort<\/h2><br \/><p>R\/ Lumi\u00e8re aux nuits de mort,<br \/>\nfeu de P\u00e2que aujourd'hui,<br \/>\nallume un chant d'espoir,<br \/>\nDieu de P\u00e2que dans nos vies.<br \/><br \/>\nFini le temps du Golgotha,<br \/>\nfini le cri du Fils de l'homme,<br \/>\nfinie la croix,<br \/>\nsinon pour l'homme<br \/>\nque nous sommes.<br \/>\nO\u00f9 donc est ta victoire,<br \/>\nJ\u00e9sus ressuscit\u00e9 ?<br \/><br \/>\nFini le temps du Serviteur,<br \/>\nfini le soir du Fils de l'homme,<br \/>\nfinie la peur,<br \/>\nsinon pour l'homme<br \/>\nque nous sommes.<br \/>\nO\u00f9 donc est ta victoire,<br \/>\nJ\u00e9sus ressuscit\u00e9 ?<br \/><br \/>\nPremier r\u00e9veil au Dieu de vie,<br \/>\npremier matin du Fils de l'homme,<br \/>\npremier r\u00e9veil<br \/>\naussi pour l'homme<br \/>\nque nous sommes.<br \/>\nO\u00f9 donc est ta victoire,<br \/>\n\u00f4 mort du Premier-N\u00e9 ?<br \/><br \/>\nEncore le temps des Golgotha,<br \/>\nencore la soif au c\u0153ur de l'homme,<br \/>\nimmense croix<br \/>\ndu Fils de l'homme<br \/>\nque nous sommes.<br \/>\nO\u00f9 donc est ta victoire,<br \/>\n\u00f4 mort du Premier-N\u00e9 ?<br \/><br \/>\nViendra le temps de nos soleils,<br \/>\nviendra ton jour, \u00f4 Fils de l'homme,<br \/>\nen toi r\u00e9veil<br \/>\nde tout cet homme<br \/>\nque nous sommes.<br \/>\nTon Souffle est notre P\u00e2que,<br \/>\nJ\u00e9sus ressuscit\u00e9 !<\/p><\/div><div class=\"rss-post\"><a href=\"\" target=\"_blank\" title=\"\" ><\/a><h2>Antienne<\/h2><br \/><p>Le Seigneur a fait merveille, \u00e9ternel est son amour, all\u00e9luia !<\/p><\/div><div class=\"rss-post\"><a href=\"\" target=\"_blank\" title=\"\" ><\/a><h2>Psaume\u00a0: 135 - I<\/h2><br \/><span class=\"verse_number\">1<\/span> Rendez gr\u00e2ce au Seigne<u>u<\/u>r : il est bon,<br \/>\u00e9tern<u>e<\/u>l est son amour !<br \/><span class=\"verse_number\">2<\/span> Rendez gr<u>\u00e2<\/u>ce au Dieu des dieux,<br \/>\u00e9tern<u>e<\/u>l est son amour !<br \/><span class=\"verse_number\">3<\/span> Rendez gr\u00e2ce au Seigne<u>u<\/u>r des seigneurs,<br \/>\u00e9tern<u>e<\/u>l est son amour !<br \/><br \/><span class=\"verse_number\">4<\/span> Lui seul a fait de gr<u>a<\/u>ndes merveilles,<br \/>\u00e9tern<u>e<\/u>l est son amour !<br \/><span class=\"verse_number\">5<\/span> lui qui fit les cie<u>u<\/u>x avec sagesse,<br \/>\u00e9tern<u>e<\/u>l est son amour !<br \/><span class=\"verse_number\">6<\/span> qui affermit la t<u>e<\/u>rre sur les eaux,<br \/>\u00e9tern<u>e<\/u>l est son amour !<br \/><br \/><span class=\"verse_number\">7<\/span> Lui qui a fait les gr<u>a<\/u>nds luminaires,<br \/>\u00e9tern<u>e<\/u>l est son amour !<br \/><span class=\"verse_number\">8<\/span> le soleil qui r<u>\u00e8<\/u>gne sur le jour,<br \/>\u00e9tern<u>e<\/u>l est son amour !<br \/><span class=\"verse_number\">9<\/span> la lune et les \u00e9t<u>o<\/u>iles, sur la nuit,<br \/>\u00e9tern<u>e<\/u>l est son amour !<br \/><\/div><div class=\"rss-post\"><a href=\"\" target=\"_blank\" title=\"\" ><\/a><h2>Antienne<\/h2><br \/><p>Dieu nous arrache aux t\u00e9n\u00e8bres et nous fait passer dans le Royaume de son Fils bien-aim\u00e9, all\u00e9luia !<\/p><\/div><\/div><\/div>\n","protected":false},"excerpt":{"rendered":"","protected":false},"author":1,"featured_media":0,"parent":117,"menu_order":0,"comment_status":"closed","ping_status":"closed","template":"","meta":{"footnotes":""},"class_list":["post-119","page","type-page","status-publish","hentry"],"_links":{"self":[{"href":"https:\/\/www.famfront.mzw.fr\/index.php?rest_route=\/wp\/v2\/pages\/119","targetHints":{"allow":["GET"]}}],"collection":[{"href":"https:\/\/www.famfront.mzw.fr\/index.php?rest_route=\/wp\/v2\/pages"}],"about":[{"href":"https:\/\/www.famfront.mzw.fr\/index.php?rest_route=\/wp\/v2\/types\/page"}],"author":[{"embeddable":true,"href":"https:\/\/www.famfront.mzw.fr\/index.php?rest_route=\/wp\/v2\/users\/1"}],"replies":[{"embeddable":true,"href":"https:\/\/www.famfront.mzw.fr\/index.php?rest_route=%2Fwp%2Fv2%2Fcomments&post=119"}],"version-history":[{"count":1,"href":"https:\/\/www.famfront.mzw.fr\/index.php?rest_route=\/wp\/v2\/pages\/119\/revisions"}],"predecessor-version":[{"id":120,"href":"https:\/\/www.famfront.mzw.fr\/index.php?rest_route=\/wp\/v2\/pages\/119\/revisions\/120"}],"up":[{"embeddable":true,"href":"https:\/\/www.famfront.mzw.fr\/index.php?rest_route=\/wp\/v2\/pages\/117"}],"wp:attachment":[{"href":"https:\/\/www.famfront.mzw.fr\/index.php?rest_route=%2Fwp%2Fv2%2Fmedia&parent=119"}],"curies":[{"name":"wp","href":"https:\/\/api.w.org\/{rel}","templated":true}]}}