{"id":117,"date":"2019-11-06T16:16:55","date_gmt":"2019-11-06T15:16:55","guid":{"rendered":"https:\/\/www.famfront.mzw.fr\/?page_id=117"},"modified":"2019-11-06T16:51:51","modified_gmt":"2019-11-06T15:51:51","slug":"textes-du-jour","status":"publish","type":"page","link":"https:\/\/www.famfront.mzw.fr\/?page_id=117","title":{"rendered":"Textes du jour"},"content":{"rendered":"\n<p><strong>AELF<\/strong> (<strong>A<\/strong><em>ssociation<\/em> <strong>\u00c9<\/strong><em>piscopale<\/em> <strong>L<\/strong><em>iturgique pour les pays<\/em> <strong>F<\/strong><em>rancophones<\/em>) propose les textes du jour.<\/p>\n\n\n\n<p><strong>\u00a0AELF<\/strong> fut cr\u00e9\u00e9e le 30 septembre 1969. C\u2019est une association de droit fran\u00e7ais (<em>loi de 1901<\/em>) qui ex\u00e9cute les missions qui lui sont confi\u00e9es par la Commission \u00c9piscopale Francophone pour les Traductions Liturgiques.<\/p>\n\n\n\n<p>Cette association a pour but d&rsquo;\u00e9laborer, coordonner et promouvoir toutes \u00e9tudes et activit\u00e9s int\u00e9ressant la liturgie de l&rsquo;Eglise catholique, et plus particuli\u00e8rement l&rsquo;\u00e9laboration de textes liturgiques destin\u00e9s aux pays francophones.<\/p>\n","protected":false},"excerpt":{"rendered":"<p>AELF (Association \u00c9piscopale Liturgique pour les pays Francophones) propose les textes du jour. \u00a0AELF fut cr\u00e9\u00e9e le 30 septembre 1969. C\u2019est une association de droit fran\u00e7ais (loi de 1901) qui ex\u00e9cute les missions qui lui sont confi\u00e9es par la Commission \u00c9piscopale Francophone pour les Traductions Liturgiques. Cette association a pour but d&rsquo;\u00e9laborer, coordonner et promouvoir [&hellip;]<\/p>\n","protected":false},"author":1,"featured_media":0,"parent":0,"menu_order":0,"comment_status":"closed","ping_status":"closed","template":"","meta":{"footnotes":""},"class_list":["post-117","page","type-page","status-publish","hentry"],"_links":{"self":[{"href":"https:\/\/www.famfront.mzw.fr\/index.php?rest_route=\/wp\/v2\/pages\/117","targetHints":{"allow":["GET"]}}],"collection":[{"href":"https:\/\/www.famfront.mzw.fr\/index.php?rest_route=\/wp\/v2\/pages"}],"about":[{"href":"https:\/\/www.famfront.mzw.fr\/index.php?rest_route=\/wp\/v2\/types\/page"}],"author":[{"embeddable":true,"href":"https:\/\/www.famfront.mzw.fr\/index.php?rest_route=\/wp\/v2\/users\/1"}],"replies":[{"embeddable":true,"href":"https:\/\/www.famfront.mzw.fr\/index.php?rest_route=%2Fwp%2Fv2%2Fcomments&post=117"}],"version-history":[{"count":4,"href":"https:\/\/www.famfront.mzw.fr\/index.php?rest_route=\/wp\/v2\/pages\/117\/revisions"}],"predecessor-version":[{"id":128,"href":"https:\/\/www.famfront.mzw.fr\/index.php?rest_route=\/wp\/v2\/pages\/117\/revisions\/128"}],"wp:attachment":[{"href":"https:\/\/www.famfront.mzw.fr\/index.php?rest_route=%2Fwp%2Fv2%2Fmedia&parent=117"}],"curies":[{"name":"wp","href":"https:\/\/api.w.org\/{rel}","templated":true}]}}